{"id":489,"date":"2023-10-25T12:37:25","date_gmt":"2023-10-25T10:37:25","guid":{"rendered":"http:\/\/charsznica.adler.org.pl\/?page_id=489"},"modified":"2025-02-28T12:20:06","modified_gmt":"2025-02-28T11:20:06","slug":"ochrona-danych-osobowych","status":"publish","type":"page","link":"https:\/\/charsznica.pl\/?page_id=489","title":{"rendered":"Ochrona danych osobowych"},"content":{"rendered":"<p>[et_pb_section fb_built=&#8221;1&#8243; admin_label=&#8221;section&#8221; _builder_version=&#8221;4.16&#8243; global_colors_info=&#8221;{}&#8221;][et_pb_row admin_label=&#8221;row&#8221; _builder_version=&#8221;4.16&#8243; background_size=&#8221;initial&#8221; background_position=&#8221;top_left&#8221; background_repeat=&#8221;repeat&#8221; global_colors_info=&#8221;{}&#8221;][et_pb_column type=&#8221;4_4&#8243; _builder_version=&#8221;4.16&#8243; custom_padding=&#8221;|||&#8221; global_colors_info=&#8221;{}&#8221; custom_padding__hover=&#8221;|||&#8221;][et_pb_text admin_label=&#8221;Text&#8221; _builder_version=&#8221;4.27.4&#8243; text_font=&#8221;Michroma||||||||&#8221; text_text_color=&#8221;#000000&#8243; background_size=&#8221;initial&#8221; background_position=&#8221;top_left&#8221; background_repeat=&#8221;repeat&#8221; hover_enabled=&#8221;0&#8243; global_colors_info=&#8221;{}&#8221; sticky_enabled=&#8221;0&#8243;]<\/p>\n<div>\n<h3>Klauzula informacyjna dot. przetwarzania danych<\/h3>\n<h3>osobowych z 16.10.2023 r. dot. CRW \/ Kodeks Wyborczy<\/h3>\n<p><span style=\"color: #339966;\"><a href=\"https:\/\/charsznica.pl\/wp-content\/uploads\/2025\/02\/klauzula-CRW_zaktualizowana-13.02.2024-r.pdf\" rel=\"attachment wp-att-2483\" style=\"color: #339966;\">Klauzula CRW_zaktualizowana 13.02.2024 r.<\/a><\/span><\/p>\n<h3><span><\/span><\/h3>\n<h3><span>Klauzula informacyjna dot. przetwarzania danych<br \/>osobowych na podstawie obowi\u0105zku prawnego<br \/>ci\u0105\u017c\u0105cego na administratorze (przetwarzanie w<br \/>zwi\u0105zku z ustaw\u0105 z dnia 27 marca 2003r. o<br \/>planowaniu i zagospodarowaniu przestrzennym) w<br \/>zwi\u0105zku z OG\u0141OSZENIEM O WY\u0141O\u017bENIU DO<br \/>PUBLICZNEGO WGL\u0104DU ZMIANY MIEJSCOWEGO PLANU<br \/>ZAGOSPODAROWANIA PRZESTRZENNEGO GMINY CHARSZNICA<\/span><\/h3>\n<p><span style=\"color: #339966;\"><a href=\"https:\/\/charsznica.pl\/wp-content\/uploads\/2025\/02\/KLAUZULA-INFORMACYJNA-1.doc\" rel=\"attachment wp-att-2482\" style=\"color: #339966;\">KLAUZULA INFORMACYJNA<\/a><\/span><\/p>\n<h3><span><\/span><\/h3>\n<h3><span>Klauzula informacyjna dotycz\u0105ca przetwarzania<br \/>danych osobowych obywateli Ukrainy w zwi\u0105zku z<br \/>nadaniem numeru PESEL oraz prowadzeniem przez<br \/>ministra w\u0142a\u015bciwego ds. informatyzacji rejestru<br \/>obywateli Ukrainy w j\u0119zyku polskim i w j\u0119zyku<br \/>ukrai\u0144skim<\/span><\/h3>\n<p><span style=\"color: #339966;\"><a href=\"https:\/\/charsznica.pl\/wp-content\/uploads\/2025\/02\/KLAUZULA-RODO-PO-POLSKU_-REJESTR-PESEL-REJESTR-OBYW.-UKRAINY.docx\" rel=\"attachment wp-att-2479\" style=\"color: #339966;\">KLAUZULA RODO PO POLSKU_ REJESTR PESEL + REJESTR OBYW. UKRAINY<\/a><\/span><\/p>\n<p><span style=\"color: #339966;\"><a href=\"https:\/\/charsznica.pl\/wp-content\/uploads\/2025\/02\/KLAUZULA-RODO-PO-UKRAINSKU-REJESTR-PESEL-REJESTR-OBYW.-UKRAINY.docx\" rel=\"attachment wp-att-2481\" style=\"color: #339966;\">KLAUZULA RODO PO UKRAI\u0143SKU REJESTR PESEL REJESTR OBYW. UKRAINY<\/a><\/span><\/p>\n<h3><span><\/span><\/h3>\n<h3><span>Klauzula informacyjna dot. przetwarzania danych<\/span><br \/><span>osobowych na podstawie obowi\u0105zku prawnego<\/span><br \/><span>ci\u0105\u017c\u0105cego na administratorze (przetwarzanie w<\/span><br \/><span>zwi\u0105zku z ustaw\u0105 z dnia 27 marca 2003r. o<\/span><br \/><span>planowaniu i zagospodarowaniu przestrzennym ( t.j<\/span><br \/><span>Dz.U. z 2018r. poz. 1945)) w zwi\u0105zku z<\/span><br \/><span>OG\u0141OSZENIEM O WY\u0141O\u017bENIU DO PUBLICZNEGO WGL\u0104DU<\/span><br \/><span>ZMIANY MIEJSCOWEGO PLANU ZAGOSPODAROWANIA<\/span><br \/><span>PRZESTRZENNEGO<\/span><\/h3>\n<p><span><\/span><\/p>\n<p><span style=\"color: #339966;\"><a href=\"https:\/\/charsznica.pl\/wp-content\/uploads\/2025\/02\/Ogloszenie-o-wylozeniu-zmiany-MPZP-_RODO_2019-klauzula.pdf\" rel=\"attachment wp-att-2477\" style=\"color: #339966;\">Ogloszenie o wylozeniu zmiany MPZP _RODO_2019 &#8211; klauzula<\/a><\/span><\/p>\n<\/div>\n<h3><span><\/span><\/h3>\n<h3><span>Klauzula informacyjna dot. przetwarzania danych<\/span><br \/><span>osobowych na podstawie obowi\u0105zku prawnego<\/span><br \/><span>ci\u0105\u017c\u0105cego na administratorze w celu zwrotu<\/span><br \/><span>podatku akcyzowego, zawartego w cenie oleju<\/span><br \/><span>nap\u0119dowego wykorzystywanego do produkcji rolnej<\/span><br \/><span>(ustawa z dnia 10 marca 2006 r. t.j. Dz.U. z 2015<\/span><br \/><span>roku, poz. 1340 z p\u00f3\u017an.zm.)<\/span><\/h3>\n<p><span style=\"color: #339966;\"><a href=\"https:\/\/charsznica.pl\/wp-content\/uploads\/2025\/02\/Klauzula-informacyjna.pdf\" rel=\"attachment wp-att-2476\" style=\"color: #339966;\">Klauzula informacyjna<\/a><\/span><\/p>\n<h3>Klauzula informacyjna dot. przetwarzania danych osobowych<\/h3>\n<p><span style=\"color: #339966;\"><a href=\"https:\/\/charsznica.pl\/wp-content\/uploads\/2025\/02\/klauzula-informacyjna.docx\" rel=\"attachment wp-att-2473\" style=\"color: #339966;\">Klauzula informacyjna<\/a><\/span><\/p>\n<p><span style=\"color: #7cda24;\"><\/span><\/p>\n<h3>Informacja o danych osobowych oraz przys\u0142uguj\u0105cych uprawnieniach<\/h3>\n<div>\n<p>W zwi\u0105zku z realizacj\u0105 wymog\u00f3w Rozporz\u0105dzenia Parlamentu Europejskiego i Rady (UE) 2016\/679 z dnia 27 kwietnia 2016 r. w sprawie ochrony os\u00f3b fizycznych w zwi\u0105zku z przetwarzaniem danych osobowych i w sprawie swobodnego przep\u0142ywu takich danych oraz<br \/>uchylenia dyrektywy 95\/46\/WE (og\u00f3lne rozporz\u0105dzenie o ochronie danych \u201eRODO\u201d), informujemy o zasadach przetwarzania Pani\/Pana danych osobowych oraz o przys\u0142uguj\u0105cych Pani\/Panu prawach z tym zwi\u0105zanych.<\/p>\n<p>Poni\u017csze zasady stosuje si\u0119 pocz\u0105wszy od 25 maja 2018 roku.<br \/>1. Administratorem Pani\/Pana danych osobowych jest<\/p>\n<p>W\u00f3jt Gminy Charsznica, z siedzib\u0105 Charsznica ul. Kolejowa 20, 32-250 Charsznica<\/p>\n<p>Kontakt do Inspektora Danych Osobowych:\u00a0<span style=\"color: #339966;\"><a href=\"http:\/\/rodo@adler.org.pl\/\" style=\"color: #339966;\">rodo@adler.org.pl<\/a><\/span><\/p>\n<p>&nbsp;<\/p>\n<p>2. Pani\/Pana dane osobowe przetwarzane s\u0105 dla potrzeb niezb\u0119dnych do realizacji procedury projektu pn. \u201e<strong>Redukcja emisji zanieczyszcze\u0144 do powietrza poprzez wymian\u0119 \u017ar\u00f3de\u0142 ciep\u0142a w indywidualnych gospodarstwach domowych na terenie gmin: Miech\u00f3w, Go\u0142cza, Koz\u0142\u00f3w i Charsznica<\/strong>\u201d w szczeg\u00f3lno\u015bci potwierdzenia kwalifikowalno\u015bci wydatk\u00f3w, udzielenia wsparcia, monitoringu, ewaluacji, kontroli, audytu i sprawozdawczo\u015bci oraz dzia\u0142a\u0144 informacyjno-promocyjnych.<br \/>3. Podanie danych mia\u0142o charakter dobrowolny, ale by\u0142o konieczne do realizacji cel\u00f3w wy\u017cej wymienionego projektu.<br \/>4. W zwi\u0105zku z przetwarzaniem danych w celach o kt\u00f3rych mowa w pkt. 2 odbiorcami<br \/>Pani\/Pana danych osobowych mog\u0105 by\u0107:<br \/>a) organy w\u0142adzy publicznej<br \/>b) podmioty wykonuj\u0105ce zadania publiczne lub dzia\u0142aj\u0105ce na zlecenie organ\u00f3w w\u0142adzy publicznej, w zakresie i w celach, kt\u00f3re wynikaj\u0105 z przepis\u00f3w powszechnie obowi\u0105zuj\u0105cego prawa.<br \/>5. Pani\/Pana dane osobowe b\u0119d\u0105 przechowywane do momentu przedawnienia roszcze\u0144 z tytu\u0142u umowy lub do momentu wyga\u015bni\u0119cia obowi\u0105zku przechowywania danych wynikaj\u0105cych z przepis\u00f3w prawa, w szczeg\u00f3lno\u015bci obowi\u0105zku przechowywania dokument\u00f3w ksi\u0119gowych dotycz\u0105cych umowy.<br \/>6. Pani\/Pan maj\u0105 prawo wgl\u0105du do tre\u015bci swoich danych osobowych i ich poprawiania.<br \/>7. Posiada Pani\/Pan prawo do wniesienia skargi do organu nadzorczego tj. Urz\u0119du Ochrony Danych Osobowych gdy uzna Pani\/Pan , i\u017c przetwarzanie danych osobowych Pani\/Pana narusza przepisy Og\u00f3lnego rozporz\u0105dzenia o ochronie danych osobowych z dnia 27 kwietnia 2016 roku.<\/p>\n<p><span style=\"color: #339966;\"><a href=\"https:\/\/charsznica.pl\/wp-content\/uploads\/2025\/02\/Informacja-o-danych-osobowych-oraz-przyslugujacych-uprawnieniach-Redukcja-emisji-zanieczyszczen-do-powietrza-poprzez-wymiane-zrodel-ciepla-w-indywidualnych-gospodarstwach-domowych.pdf\" rel=\"attachment wp-att-2472\" style=\"color: #339966;\">Informacja o danych osobowych oraz przys\u0142uguj\u0105cych uprawnieniach &#8211; Redukcja emisji zanieczyszcze\u0144 do powietrza poprzez wymian\u0119 \u017ar\u00f3de\u0142 ciep\u0142a w indywidualnych gospodarstwach domowych<\/a><\/span><\/p>\n<p><span style=\"color: #7cda24;\"><\/span><\/p>\n<\/div>\n<p><strong><\/strong><\/p>\n<h3>Informacja o danych osobowych<\/h3>\n<div>\n<p>W zwi\u0105zku z realizacj\u0105 wymog\u00f3w Rozporz\u0105dzenia Parlamentu Europejskiego i Rady (UE) 2016\/679 z dnia 27 kwietnia 2016 r. w sprawie ochrony os\u00f3b fizycznych w zwi\u0105zku z przetwarzaniem danych osobowych i w sprawie swobodnego przep\u0142ywu takich danych oraz<br \/>uchylenia dyrektywy 95\/46\/WE (og\u00f3lne rozporz\u0105dzenie o ochronie danych \u201eRODO\u201d), informujemy o zasadach przetwarzania Pani\/Pana danych osobowych oraz o przys\u0142uguj\u0105cych Pani\/Panu prawach z tym zwi\u0105zanych.<\/p>\n<p>Poni\u017csze zasady stosuje si\u0119 pocz\u0105wszy od 25 maja 2018 roku.<br \/>1. Administratorem Pani\/Pana danych osobowych jest<\/p>\n<p>W\u00f3jt Gminy Charsznica, z siedzib\u0105 Charsznica ul. Kolejowa 20, 32-250 Charsznica<\/p>\n<p>Kontakt do Inspektora Danych Osobowych:\u00a0<span style=\"color: #339966;\"><a href=\"http:\/\/rodo@adler.org.pl\/\" style=\"color: #339966;\">rodo@adler.org.pl<\/a><\/span><\/p>\n<p>&nbsp;<\/p>\n<p>2. Pani\/Pana dane osobowe przetwarzane s\u0105 dla potrzeb niezb\u0119dnych do realizacji procedury projektu pn. \u201e<strong>Wymiana \u017ar\u00f3de\u0142 ciep\u0142a na paliwo gazowe w Gminie Charsznica<\/strong>\u201d w szczeg\u00f3lno\u015bci potwierdzenia kwalifikowalno\u015bci wydatk\u00f3w, udzielenia wsparcia, monitoringu, ewaluacji, kontroli, audytu i sprawozdawczo\u015bci oraz dzia\u0142a\u0144 informacyjno-promocyjnych.<br \/>3. Podanie danych mia\u0142o charakter dobrowolny, ale by\u0142o konieczne do realizacji cel\u00f3w wy\u017cej wymienionego projektu.<br \/>4. W zwi\u0105zku z przetwarzaniem danych w celach o kt\u00f3rych mowa w pkt. 2 odbiorcamiPani\/Pana danych osobowych mog\u0105 by\u0107:<br \/>a) organy w\u0142adzy publicznej<br \/>b) podmioty wykonuj\u0105ce zadania publiczne lub dzia\u0142aj\u0105ce na zlecenie organ\u00f3w w\u0142adzy publicznej, w zakresie i w celach, kt\u00f3re wynikaj\u0105 z przepis\u00f3w powszechnie obowi\u0105zuj\u0105cego prawa.<br \/>5. Pani\/Pana dane osobowe b\u0119d\u0105 przechowywane do momentu przedawnienia roszcze\u0144 z tytu\u0142u umowy lub do momentu wyga\u015bni\u0119cia obowi\u0105zku przechowywania danych wynikaj\u0105cych z przepis\u00f3w prawa, w szczeg\u00f3lno\u015bci obowi\u0105zku przechowywania dokument\u00f3w ksi\u0119gowych dotycz\u0105cych umowy.<br \/>6. Pani\/Pan maj\u0105 prawo wgl\u0105du do tre\u015bci swoich danych osobowych i ich poprawiania.<br \/>7. Posiada Pani\/Pan prawo do wniesienia skargi do organu nadzorczego tj. Urz\u0119du Ochrony Danych Osobowych gdy uzna Pani\/Pan , i\u017c przetwarzanie danych osobowych Pani\/Pana narusza przepisy Og\u00f3lnego rozporz\u0105dzenia o ochronie danych osobowych z dnia 27 kwietnia 2016 roku.<\/p>\n<p>&nbsp;<\/p>\n<\/div>\n<p><span style=\"color: #339966;\"><strong><a href=\"https:\/\/charsznica.pl\/wp-content\/uploads\/2025\/02\/Informacja-o-danych-osobowych-Wymiana-zrodel-ciepla-na-paliwa-gazowe-w-gminie-Charsznica.pdf\" rel=\"attachment wp-att-2471\" style=\"color: #339966;\">Informacja o danych osobowych &#8211; Wymiana \u017ar\u00f3de\u0142 ciep\u0142a na paliwa gazowe w gminie Charsznica<\/a><\/strong><\/span><\/p>\n<p><strong><\/strong><\/p>\n<p><strong>INFORMACJA O PRZETWARZANIU DANYCH OSOBOWYCH<\/strong><\/p>\n<p>(obowi\u0105zek informacyjny realizowany w zwi\u0105zku z art. 13 i art. 14 Rozporz\u0105dzenia Parlamentu Europejskiego i Rady (UE) 2016\/679)<\/p>\n<p>W zwi\u0105zku z przyst\u0105pieniem do projektu pn. \u201e<strong>eCharsznica \u2013 dost\u0119p do Internetu szans\u0105 na dynamiczny rozw\u00f3j Gminy<\/strong>\u201d informujemy, \u017ce:<\/p>\n<p>1. Administratorem przekazanych danych osobowych w realizacji ww. projektu jest minister w\u0142a\u015bciwy do spraw rozwoju regionalnego pe\u0142ni\u0105cy funkcj\u0119 Instytucji Zarz\u0105dzaj\u0105cej dla Programu Operacyjnego Innowacyjna Gospodarka, maj\u0105cy siedzib\u0119 przy ul. Wsp\u00f3lnej 2\/4, 00-926 Warszawa.<\/p>\n<p>2. Przetwarzanie przekazanych danych osobowych jest zgodne z prawem i spe\u0142nia warunki, o kt\u00f3rych mowa art. 6 ust. 1 lit. c oraz art. 9 ust. 2 lit. g Rozporz\u0105dzenia Parlamentu Europejskiego i Rady (UE) 2016\/679 \u2013 dane osobowe s\u0105 niezb\u0119dne dla realizacji Programu Operacyjnego Innowacyjna Gospodarka (PO IG) na podstawie:<\/p>\n<p>a) Narodowych Strategicznych Ram Odniesienia, przyj\u0119tych przez Rad\u0119 Ministr\u00f3w w dniu 29 listopada 2016 r.,<\/p>\n<p>b) Programu Operacyjnego Innowacyjna Gospodarka, lata 2007-2013 zwanego dalej \u201ePO IG\u201d, przyj\u0119tego przez Rad\u0119 Ministr\u00f3w w dniu 19 grudnia 2016 r.,<\/p>\n<p>c) Szczeg\u00f3\u0142owego opisu priorytet\u00f3w Programu Operacyjnego Innowacyjna Gospodarka, 2017-2013,<\/p>\n<p>d) rozporz\u0105dzenia Rady (WE) nr 1083\/2006 z dnia 11 lipca 2006 r. ustanawiaj\u0105ce przepisy og\u00f3lne dotycz\u0105ce Europejskiego Funduszu Rozwoju Regionalnego, Europejskiego Funduszu Spo\u0142ecznego oraz Funduszu Sp\u00f3jno\u015bci i uchylaj\u0105ce rozporz\u0105dzenie (WE) nr 1260\/1999 (Dz. Urz. UE L 210 z 31.07.2017, str. 25),<\/p>\n<p>e) rozporz\u0105dzenia (WE) nr 1080\/2006 Parlamentu Europejskiego i Rady z dnia 5 lipca 2006 r. w sprawie Europejskiego Funduszu Rozwoju Regionalnego i uchylaj\u0105ce rozporz\u0105dzenie (WE) nr 1783\/1999 (Dz. Urz. UE L 210 z 31.07.2016, str. 1),<\/p>\n<p>f) Rozporz\u0105dzenie Komisji (WE) nr 1828\/2006 z dnia 8 grudnia 2006 r. ustanawiaj\u0105ce szczeg\u00f3\u0142owe zasady wykonania rozporz\u0105dzenia Rady (WE) nr 1083\/2006 ustanawiaj\u0105cego przepisy og\u00f3lne dotycz\u0105ce Europejskiego Funduszu Rozwoju Regionalnego, Europejskiego Funduszu Spo\u0142ecznego oraz Funduszu Sp\u00f3jno\u015bci oraz rozporz\u0105dzenia (WE) nr 1080\/2006 Parlamentu Europejskiego i Rady w sprawie Europejskiego Funduszu Rozwoju Regionalnego (Dz. Urz. UE L 371 z 27 grudnia 2006 r., str. 1).<\/p>\n<p>3. Przekazane dane osobowe b\u0119d\u0105 przetwarzane wy\u0142\u0105cznie w celu realizacji projektu, w szczeg\u00f3lno\u015bci potwierdzenia kwalifikowalno\u015bci wydatk\u00f3w, udzielenia wsparcia, monitoringu, ewaluacji, kontroli, audytu i sprawozdawczo\u015bci oraz dzia\u0142a\u0144 informacyjno-promocyjnych w ramach PO IG.<\/p>\n<p>4. Przekazane dane osobowe zosta\u0142y powierzone do przetwarzania Instytucji Po\u015brednicz\u0105cej tj. Centrum Projekt\u00f3w Polska Cyfrowa ul. Spokojna 13a, 01-044 Warszawa, beneficjentowi projektu oraz podmiotom, kt\u00f3re na zlecenie beneficjenta uczestnicz\u0105 w realizacji projektu.<\/p>\n<p>5. Przekazane dane osobowe mog\u0105 zosta\u0107 przekazane podmiotom realizuj\u0105cym badania ewaluacyjne na zlecenie Instytucji Zarz\u0105dzaj\u0105cej, Instytucji Po\u015brednicz\u0105cej lub beneficjenta. Przekazane dane osobowe mog\u0105 zosta\u0107 r\u00f3wnie\u017c powierzone specjalistycznym firmom, realizuj\u0105cym na zlecenie Instytucji Zarz\u0105dzaj\u0105cej, Instytucji Po\u015brednicz\u0105cej oraz beneficjenta kontrole i audyt w ramach PO IG.<br \/>6. Podanie danych jest warunkiem koniecznym otrzymania wsparcia i realizacji projektu, a odmowa ich podania jest r\u00f3wnoznaczna z brakiem mo\u017cliwo\u015bci udzielenia wsparcia w ramach projektu.<\/p>\n<p>7. Przekazane dane osobowe nie b\u0119d\u0105 przekazywane do pa\u0144stwa trzeciego lub organizacji mi\u0119dzynarodowej.<\/p>\n<p>8. Przekazane dane osobowe nie b\u0119d\u0105 poddawane zautomatyzowanemu podejmowaniu decyzji.<\/p>\n<p>9. Przekazane dane osobowe b\u0119d\u0105 przechowywane do czasu rozliczenia Programu Operacyjnego Innowacyjna Gospodarka oraz zako\u0144czenia archiwizowania dokumentacji.<\/p>\n<p>10. Z Inspektorem Ochrony Danych mo\u017cna skontaktowa\u0107 si\u0119 wysy\u0142aj\u0105c wiadomo\u015b\u0107 na adres poczty elektronicznej:<span style=\"color: #339966;\">\u00a0<a href=\"http:\/\/iod@miir.gov.pl\/\" style=\"color: #339966;\">iod@miir.gov.pl.<\/a><\/span><\/p>\n<p><span style=\"color: #7cda24;\">\u00a0<\/span><\/p>\n<p>11. Osoba, kt\u00f3rej przekazane dane dotycz\u0105, ma prawo do wniesienia skargi do organu nadzorczego, kt\u00f3rym jest Prezes Urz\u0119du Ochrony Danych Osobowych oraz prawo dost\u0119pu do tre\u015bci swoich danych i ich sprostowania, usuni\u0119cia lub ograniczenia przetwarzania.<\/p>\n<p><span style=\"color: #339966;\"><a href=\"https:\/\/charsznica.pl\/wp-content\/uploads\/2025\/02\/Klauzula-informacyjna-Beneficjenci-PO-IG-1.pdf\" rel=\"attachment wp-att-2467\" style=\"color: #339966;\">Klauzula informacyjna Beneficjenci PO IG-1<\/a><\/span><\/p>\n<p><span><\/span><\/p>\n<h3><span>Klauzula informacyjna dot. przetwarzania danych<br \/>osobowych na podstawie obowi\u0105zku prawnego<br \/>ci\u0105\u017c\u0105cego na administratorze (przetwarzanie w<br \/>zwi\u0105zku z ustaw\u0105 z dnia 6 sierpnia 2010 r. o<br \/>dowodach osobistych)<\/span><\/h3>\n<p><span style=\"color: #339966;\"><a href=\"https:\/\/charsznica.pl\/wp-content\/uploads\/2025\/02\/Informacja-RODO-dowody-osobiste.docx\" rel=\"attachment wp-att-2466\" style=\"color: #339966;\">Informacja RODO dowody osobiste<\/a><\/span><\/p>\n<p><span><\/span><\/p>\n<h3><span>Klauzula informacyjna dot.przetwarzania danych osobowych na podstawie obowi\u0105zku prawnego ci\u0105\u017c\u0105cego na administratorze (przetwarzanie w zwi\u0105zku z ustaw\u0105 z dnia 24 wrze\u015bnia 2010 r. o ewidencji ludno\u015bci).<\/span><\/h3>\n<p><span style=\"color: #339966;\"><a href=\"https:\/\/charsznica.pl\/wp-content\/uploads\/2025\/02\/klauzula-informacyjna-.docx\" rel=\"attachment wp-att-2465\" style=\"color: #339966;\">Klauzula informacyjna<\/a><\/span><\/p>\n<p><span><\/span><\/p>\n<h3><span>Klauzula informacyjna dot. przetwarzania danych<\/span><br \/><span>osobowych na podstawie obowi\u0105zku prawnego<\/span><br \/><span>ci\u0105\u017c\u0105cego na administratorze (przetwarzanie w<\/span><br \/><span>zwi\u0105zku z ustaw\u0105 z dnia 28 listopada 2014 r.<\/span><br \/><span>Prawo o aktach stanu cywilnego i ustaw\u0105 z dnia 17<\/span><br \/><span>pa\u017adziernika 2008 r. o zmianie imienia i<\/span><br \/><span>nazwiska)<\/span><\/h3>\n<p><span style=\"color: #339966;\"><a href=\"https:\/\/charsznica.pl\/wp-content\/uploads\/2025\/02\/Informacja-RODO-USC.docx\" rel=\"attachment wp-att-2464\" style=\"color: #339966;\">Informacja RODO &#8211; USC<\/a><\/span><\/p>\n<h3><\/h3>\n<h3>Inspektor Ochrony Danych Osobowych<\/h3>\n<div><span style=\"color: #339966;\"><a href=\"https:\/\/charsznica.pl\/wp-content\/uploads\/2025\/02\/Informacja-IOD-1.doc\" rel=\"attachment wp-att-2462\" style=\"color: #339966;\">Informacja IOD<\/a><\/span><\/div>\n<div><span style=\"color: #339966;\"><a href=\"https:\/\/charsznica.pl\/wp-content\/uploads\/2025\/02\/Informacja-1.doc\" rel=\"attachment wp-att-2463\" style=\"color: #339966;\">Informacja<\/a><\/span><\/div>\n<p>[\/et_pb_text][\/et_pb_column][\/et_pb_row][\/et_pb_section]<\/p>\n","protected":false},"excerpt":{"rendered":"<p>Klauzula informacyjna dot. przetwarzania danych osobowych z 16.10.2023 r. dot. CRW \/ Kodeks Wyborczy Klauzula CRW_zaktualizowana 13.02.2024 r. Klauzula informacyjna dot. przetwarzania danychosobowych na podstawie obowi\u0105zku prawnegoci\u0105\u017c\u0105cego na administratorze (przetwarzanie wzwi\u0105zku z ustaw\u0105 z dnia 27 marca 2003r. oplanowaniu i zagospodarowaniu przestrzennym) wzwi\u0105zku z OG\u0141OSZENIEM O WY\u0141O\u017bENIU DOPUBLICZNEGO WGL\u0104DU ZMIANY MIEJSCOWEGO PLANUZAGOSPODAROWANIA PRZESTRZENNEGO GMINY CHARSZNICA KLAUZULA INFORMACYJNA Klauzula informacyjna dotycz\u0105ca przetwarzaniadanych osobowych obywateli Ukrainy w zwi\u0105zku znadaniem numeru PESEL oraz prowadzeniem przezministra w\u0142a\u015bciwego ds. informatyzacji rejestruobywateli Ukrainy w j\u0119zyku polskim i w j\u0119zykuukrai\u0144skim KLAUZULA RODO PO POLSKU_ REJESTR PESEL + REJESTR OBYW. UKRAINY KLAUZULA RODO PO UKRAI\u0143SKU REJESTR PESEL REJESTR OBYW. UKRAINY Klauzula informacyjna dot. przetwarzania danychosobowych na podstawie obowi\u0105zku prawnegoci\u0105\u017c\u0105cego na administratorze (przetwarzanie wzwi\u0105zku z ustaw\u0105 z dnia 27 marca 2003r. oplanowaniu i zagospodarowaniu przestrzennym ( t.jDz.U. z 2018r. poz. 1945)) w zwi\u0105zku zOG\u0141OSZENIEM O WY\u0141O\u017bENIU DO PUBLICZNEGO WGL\u0104DUZMIANY MIEJSCOWEGO PLANU ZAGOSPODAROWANIAPRZESTRZENNEGO Ogloszenie o wylozeniu zmiany MPZP _RODO_2019 &#8211; klauzula Klauzula informacyjna dot. przetwarzania danychosobowych na podstawie obowi\u0105zku prawnegoci\u0105\u017c\u0105cego na administratorze w celu zwrotupodatku akcyzowego, zawartego w cenie olejunap\u0119dowego wykorzystywanego do produkcji rolnej(ustawa z dnia 10 marca 2006 r. t.j. Dz.U. z 2015roku, poz. 1340 z p\u00f3\u017an.zm.) Klauzula informacyjna Klauzula informacyjna dot. przetwarzania danych osobowych Klauzula informacyjna Informacja o [&hellip;]<\/p>\n","protected":false},"author":1,"featured_media":0,"parent":464,"menu_order":0,"comment_status":"closed","ping_status":"closed","template":"","meta":{"_et_pb_use_builder":"on","_et_pb_old_content":"https:\/\/charsznica.bip.gov.pl\/dane-osobowe\/","_et_gb_content_width":"","footnotes":""},"class_list":["post-489","page","type-page","status-publish","hentry"],"_links":{"self":[{"href":"https:\/\/charsznica.pl\/index.php?rest_route=\/wp\/v2\/pages\/489","targetHints":{"allow":["GET"]}}],"collection":[{"href":"https:\/\/charsznica.pl\/index.php?rest_route=\/wp\/v2\/pages"}],"about":[{"href":"https:\/\/charsznica.pl\/index.php?rest_route=\/wp\/v2\/types\/page"}],"author":[{"embeddable":true,"href":"https:\/\/charsznica.pl\/index.php?rest_route=\/wp\/v2\/users\/1"}],"replies":[{"embeddable":true,"href":"https:\/\/charsznica.pl\/index.php?rest_route=%2Fwp%2Fv2%2Fcomments&post=489"}],"version-history":[{"count":11,"href":"https:\/\/charsznica.pl\/index.php?rest_route=\/wp\/v2\/pages\/489\/revisions"}],"predecessor-version":[{"id":3152,"href":"https:\/\/charsznica.pl\/index.php?rest_route=\/wp\/v2\/pages\/489\/revisions\/3152"}],"up":[{"embeddable":true,"href":"https:\/\/charsznica.pl\/index.php?rest_route=\/wp\/v2\/pages\/464"}],"wp:attachment":[{"href":"https:\/\/charsznica.pl\/index.php?rest_route=%2Fwp%2Fv2%2Fmedia&parent=489"}],"curies":[{"name":"wp","href":"https:\/\/api.w.org\/{rel}","templated":true}]}}