{"id":3333,"date":"2025-04-08T16:05:25","date_gmt":"2025-04-08T14:05:25","guid":{"rendered":"https:\/\/charsznica.pl\/?page_id=3333"},"modified":"2025-04-08T16:06:40","modified_gmt":"2025-04-08T14:06:40","slug":"rejestr-dzialalnosci-regulowanej","status":"publish","type":"page","link":"https:\/\/charsznica.pl\/?page_id=3333","title":{"rendered":"Rejestr Dzia\u0142alno\u015bci Regulowanej"},"content":{"rendered":"<p>[et_pb_section fb_built=&#8221;1&#8243; theme_builder_area=&#8221;post_content&#8221; _builder_version=&#8221;4.27.4&#8243; _module_preset=&#8221;default&#8221;][et_pb_row _builder_version=&#8221;4.27.4&#8243; _module_preset=&#8221;default&#8221; theme_builder_area=&#8221;post_content&#8221;][et_pb_column _builder_version=&#8221;4.27.4&#8243; _module_preset=&#8221;default&#8221; type=&#8221;4_4&#8243; theme_builder_area=&#8221;post_content&#8221;][et_pb_text _builder_version=&#8221;4.27.4&#8243; _module_preset=&#8221;default&#8221; theme_builder_area=&#8221;post_content&#8221; text_font=&#8221;Michroma||||||||&#8221; hover_enabled=&#8221;0&#8243; sticky_enabled=&#8221;0&#8243;]<\/p>\n<h3><b>Rejestr Dzia\u0142alno\u015bci Regulowanej<\/b><\/h3>\n<p>[\/et_pb_text][\/et_pb_column][\/et_pb_row][et_pb_row _builder_version=&#8221;4.27.4&#8243; _module_preset=&#8221;default&#8221; theme_builder_area=&#8221;post_content&#8221;][et_pb_column _builder_version=&#8221;4.27.4&#8243; _module_preset=&#8221;default&#8221; type=&#8221;4_4&#8243; theme_builder_area=&#8221;post_content&#8221;][et_pb_text _builder_version=&#8221;4.27.4&#8243; _module_preset=&#8221;default&#8221; theme_builder_area=&#8221;post_content&#8221; hover_enabled=&#8221;0&#8243; sticky_enabled=&#8221;0&#8243; text_text_color=&#8221;#7CDA24&#8243;]<\/p>\n<p><a href=\"https:\/\/charsznica.pl\/wp-content\/uploads\/2025\/04\/Wykaz-przedsiebiorcow-wpisanych-do-Rejestru-Dzialalnosci-Regulowanej.pdf\" rel=\"attachment wp-att-3336\">Wykaz przedsi\u0119biorc\u00f3w wpisanych do Rejestru Dzia\u0142alno\u015bci Regulowanej<\/a><\/p>\n<p>[\/et_pb_text][\/et_pb_column][\/et_pb_row][\/et_pb_section]<\/p>\n","protected":false},"excerpt":{"rendered":"<p>Rejestr Dzia\u0142alno\u015bci RegulowanejWykaz przedsi\u0119biorc\u00f3w wpisanych do Rejestru Dzia\u0142alno\u015bci Regulowanej<\/p>\n","protected":false},"author":1,"featured_media":0,"parent":2664,"menu_order":0,"comment_status":"closed","ping_status":"closed","template":"","meta":{"_et_pb_use_builder":"on","_et_pb_old_content":"","_et_gb_content_width":"","footnotes":""},"class_list":["post-3333","page","type-page","status-publish","hentry"],"_links":{"self":[{"href":"https:\/\/charsznica.pl\/index.php?rest_route=\/wp\/v2\/pages\/3333","targetHints":{"allow":["GET"]}}],"collection":[{"href":"https:\/\/charsznica.pl\/index.php?rest_route=\/wp\/v2\/pages"}],"about":[{"href":"https:\/\/charsznica.pl\/index.php?rest_route=\/wp\/v2\/types\/page"}],"author":[{"embeddable":true,"href":"https:\/\/charsznica.pl\/index.php?rest_route=\/wp\/v2\/users\/1"}],"replies":[{"embeddable":true,"href":"https:\/\/charsznica.pl\/index.php?rest_route=%2Fwp%2Fv2%2Fcomments&post=3333"}],"version-history":[{"count":3,"href":"https:\/\/charsznica.pl\/index.php?rest_route=\/wp\/v2\/pages\/3333\/revisions"}],"predecessor-version":[{"id":3338,"href":"https:\/\/charsznica.pl\/index.php?rest_route=\/wp\/v2\/pages\/3333\/revisions\/3338"}],"up":[{"embeddable":true,"href":"https:\/\/charsznica.pl\/index.php?rest_route=\/wp\/v2\/pages\/2664"}],"wp:attachment":[{"href":"https:\/\/charsznica.pl\/index.php?rest_route=%2Fwp%2Fv2%2Fmedia&parent=3333"}],"curies":[{"name":"wp","href":"https:\/\/api.w.org\/{rel}","templated":true}]}}