{"id":2644,"date":"2025-02-24T13:21:04","date_gmt":"2025-02-24T12:21:04","guid":{"rendered":"http:\/\/charsznica.adler.org.pl\/?page_id=2644"},"modified":"2025-02-28T12:10:05","modified_gmt":"2025-02-28T11:10:05","slug":"dowody-osobiste","status":"publish","type":"page","link":"https:\/\/charsznica.pl\/?page_id=2644","title":{"rendered":"Centralny Rejestr Wyborc\u00f3w"},"content":{"rendered":"<p>[et_pb_section fb_built=&#8221;1&#8243; _builder_version=&#8221;4.27.4&#8243; _module_preset=&#8221;default&#8221; global_colors_info=&#8221;{}&#8221;][et_pb_row _builder_version=&#8221;4.27.4&#8243; _module_preset=&#8221;default&#8221; global_colors_info=&#8221;{}&#8221;][et_pb_column type=&#8221;4_4&#8243; _builder_version=&#8221;4.27.4&#8243; _module_preset=&#8221;default&#8221; global_colors_info=&#8221;{}&#8221;][et_pb_text _builder_version=&#8221;4.27.4&#8243; _module_preset=&#8221;default&#8221; text_font=&#8221;Michroma||||||||&#8221; global_colors_info=&#8221;{}&#8221;]<\/p>\n<h3>Centralny Rejestr Wyborc\u00f3w<\/h3>\n<p>[\/et_pb_text][\/et_pb_column][\/et_pb_row][et_pb_row _builder_version=&#8221;4.27.4&#8243; _module_preset=&#8221;default&#8221; global_colors_info=&#8221;{}&#8221;][et_pb_column type=&#8221;4_4&#8243; _builder_version=&#8221;4.27.4&#8243; _module_preset=&#8221;default&#8221; global_colors_info=&#8221;{}&#8221;][et_pb_text _builder_version=&#8221;4.27.4&#8243; _module_preset=&#8221;default&#8221; text_font=&#8221;||||||||&#8221; hover_enabled=&#8221;0&#8243; global_colors_info=&#8221;{}&#8221; sticky_enabled=&#8221;0&#8243;]<\/p>\n<p><span style=\"font-family: Times New Roman, serif;\"><span style=\"font-size: medium;\"><b>Centralny Rejestr Wyborc\u00f3w (CRW)<\/b><\/span><\/span><span style=\"font-family: Times New Roman, serif;\"><span style=\"font-size: medium;\"> to rejestr w systemie teleinformatycznym, kt\u00f3ry zosta\u0142\u00a0utworzony na podstawie Kodeksu wyborczego.<br \/>W rejestrze s\u0105 dane o wszystkich wyborcach \u2013\u00a0zar\u00f3wno o\u00a0obywatelach polskich, jak i cudzoziemcach\u00a0uprawnionych do g\u0142osowania w Polsce.<\/span><\/span><\/p>\n<p>Rejestr s\u0142u\u017cy do:<\/p>\n<ul>\n<li><span style=\"font-family: Times New Roman, serif;\"><span style=\"font-size: medium;\">przygotowania wybor\u00f3w i referend\u00f3w,<\/span><\/span><\/li>\n<li><span style=\"font-family: Times New Roman, serif;\"><span style=\"font-size: medium;\">ustalania liczby wyborc\u00f3w,<\/span><\/span><\/li>\n<li><span style=\"font-family: Times New Roman, serif;\"><span style=\"font-size: medium;\">sporz\u0105dzania spis\u00f3w wyborc\u00f3w.<\/span><\/span><\/li>\n<li><\/li>\n<\/ul>\n<p><span style=\"font-family: Times New Roman, serif;\"><span style=\"font-size: medium;\">Jeste\u015b obywatelem:<\/span><\/span><\/p>\n<ul>\n<li><span style=\"font-family: Times New Roman, serif;\"><span style=\"font-size: medium;\">Polski,\u00a0<\/span><\/span><\/li>\n<li><span style=\"font-family: Times New Roman, serif;\"><span style=\"font-size: medium;\">Unii Europejskiej, kt\u00f3ry nie jest obywatelem Polski,\u00a0<\/span><\/span><\/li>\n<li><span style=\"font-family: Times New Roman, serif;\"><span style=\"font-size: medium;\">Zjednoczonego Kr\u00f3lestwa Wielkiej Brytanii i Irlandii P\u00f3\u0142nocnej,<\/span><\/span><\/li>\n<\/ul>\n<p><span style=\"font-family: Times New Roman, serif;\"><span style=\"font-size: medium;\">sprawd\u017a dodatkowe informacje:<\/span><\/span><\/p>\n<ul>\n<li><span style=\"color: #339966;\"><a href=\"https:\/\/www.gov.pl\/gov\/sprawdz-kto-moze-wziac-udzial-w-wyborach\" style=\"color: #339966;\"><span style=\"font-family: Times New Roman, serif;\"><span style=\"font-size: medium;\"><u>w jakich wyborach mo\u017cesz wzi\u0105\u0107 udzia\u0142<\/u><\/span><\/span><\/a><span style=\"font-family: Times New Roman, serif;\"><span style=\"font-size: medium;\">, <\/span><\/span><\/span><\/li>\n<li><span style=\"color: #339966;\"><a href=\"https:\/\/www.gov.pl\/gov\/sprawdz-z-jakiej-uslugi-wyborczej-mozesz-skorzystac\" style=\"color: #339966;\"><span style=\"font-family: Times New Roman, serif;\"><span style=\"font-size: medium;\"><u>z jakich us\u0142ug\u00a0wyborczych mo\u017cesz skorzysta\u0107 w poszczeg\u00f3lnych wyborach<\/u><\/span><\/span><\/a><span style=\"font-family: Times New Roman, serif;\"><span style=\"font-size: medium;\">.<\/span><\/span><\/span><\/li>\n<\/ul>\n<p>&nbsp;<\/p>\n<ul>\n<ol>\n<li><span style=\"color: #339966;\"><u><a href=\"https:\/\/www.gov.pl\/web\/gov\/sprawdz-kto-moze-wziac-udzial-w-wyborach\" style=\"color: #339966;\">https:\/\/www.gov.pl\/web\/gov\/sprawdz-kto-moze-wziac-udzial-w-wyborach<\/a><\/u><\/span><\/li>\n<li><span style=\"color: #339966;\"><u><a href=\"https:\/\/www.gov.pl\/web\/gov\/sprawdz-z-jakiej-uslugi-wyborczej-mozesz-skorzystac\" style=\"color: #339966;\">https:\/\/www.gov.pl\/web\/gov\/sprawdz-z-jakiej-uslugi-wyborczej-mozesz-skorzystac<\/a><\/u><\/span><\/li>\n<\/ol>\n<\/ul>\n<p>&nbsp;<\/p>\n<p><span style=\"font-family: Times New Roman, serif;\"><span style=\"font-size: x-large;\"><b>Zmie\u0144 sta\u0142y obw\u00f3d g\u0142osowania lub dopisz si\u0119 do CRW<\/b><\/span><\/span><\/p>\n<p><span style=\"font-family: Times New Roman, serif;\"><span style=\"font-size: medium;\">Je\u017celi:<\/span><\/span><\/p>\n<ul>\n<li><span style=\"font-family: Times New Roman, serif;\"><span style=\"font-size: medium;\">mieszkasz na sta\u0142e w innej gminie, ni\u017c masz meldunek i<\/span><\/span><\/li>\n<li><span style=\"font-family: Times New Roman, serif;\"><span style=\"font-size: medium;\">chcesz w niej <\/span><\/span><span style=\"font-family: Times New Roman, serif;\"><span style=\"font-size: medium;\"><b>g\u0142osowa\u0107 w ka\u017cdych wyborach<\/b><\/span><\/span><span style=\"font-family: Times New Roman, serif;\"><span style=\"font-size: medium;\">,<\/span><\/span><\/li>\n<\/ul>\n<p><span style=\"font-family: Times New Roman, serif;\"><span style=\"font-size: medium;\">z\u0142\u00f3\u017c wniosek o zmian\u0119 <\/span><\/span><span style=\"font-family: Times New Roman, serif;\"><span style=\"font-size: medium;\"><b>sta\u0142ego obwodu g\u0142osowania<\/b><\/span><\/span><span style=\"font-family: Times New Roman, serif;\"><span style=\"font-size: medium;\">. B\u0119dziesz g\u0142osowa\u0107 w gminie, w kt\u00f3rej mieszkasz,\u00a0a nie w gminie, w kt\u00f3rej masz zameldowanie na pobyt sta\u0142y.<\/span><\/span><\/p>\n<p><span style=\"font-family: Times New Roman, serif;\"><span style=\"font-size: medium;\"><b>Kto mo\u017ce z\u0142o\u017cy\u0107<\/b><\/span><\/span><\/p>\n<p><span style=\"font-family: Times New Roman, serif;\"><span style=\"font-size: medium;\">Ka\u017cdy, kto spe\u0142nia wszystkie poni\u017csze warunki:<\/span><\/span><\/p>\n<ul>\n<li><span style=\"font-family: Times New Roman, serif;\"><span style=\"font-size: medium;\">ma polskie obywatelstwo,<\/span><\/span><\/li>\n<li><span style=\"font-family: Times New Roman, serif;\"><span style=\"font-size: medium;\">stale mieszka na terenie gminy bez zameldowania na pobyt sta\u0142y,<\/span><\/span><\/li>\n<li><span style=\"font-family: Times New Roman, serif;\"><span style=\"font-size: medium;\">mo\u017ce g\u0142osowa\u0107, czyli:<\/span><\/span><\/li>\n<\/ul>\n<ul>\n<li><span style=\"font-family: Times New Roman, serif;\"><span style=\"font-size: medium;\">w dniu wybor\u00f3w ma uko\u0144czone 18 lat,<\/span><\/span><\/li>\n<li><span style=\"font-family: Times New Roman, serif;\"><span style=\"font-size: medium;\">ma prawo wybierania (czynne prawo wyborcze).<\/span><\/span><\/li>\n<\/ul>\n<p><span style=\"font-family: Times New Roman, serif;\"><span style=\"font-size: medium;\"><b>Co trzeba przygotowa\u0107<\/b><\/span><\/span><\/p>\n<p>\uf0b7 <span style=\"font-family: Times New Roman, serif;\"><span style=\"font-size: medium;\">dokument to\u017csamo\u015bci \u2013 na przyk\u0142ad dow\u00f3d osobisty lub paszport, <\/span><\/span><\/p>\n<p>\uf0b7 <span style=\"font-family: Times New Roman, serif;\"><span style=\"font-size: medium;\">wniosek o dopisanie do sta\u0142ego obwodu g\u0142osowania, w\u0142a\u015bciwego dla adresu sta\u0142ego zamieszkania (do pobrania w urz\u0119dzie). <\/span><\/span><\/p>\n<p><span style=\"font-family: Times New Roman, serif;\"><span style=\"font-size: medium;\">Do\u0142\u0105cz r\u00f3wnie\u017c dokumenty na podstawie, kt\u00f3rych mo\u017cna okre\u015bli\u0107, \u017ce stale zamieszkujesz na obszarze gminy Charsznica, pod wskazanym we wniosku adresem, np.: <\/span><\/span><\/p>\n<ul>\n<li><span style=\"font-family: Times New Roman, serif;\"><span style=\"font-size: medium;\">rachunek za media (gaz, pr\u0105d, internet, telefon, telewizj\u0119 itp.) wystawiony na Pani\/Pana dane i adres wskazany we wniosku,<\/span><\/span><\/li>\n<li><span style=\"font-family: Times New Roman, serif;\"><span style=\"font-size: medium;\">umowa na media (gaz, pr\u0105d, internet, telefon, telewizj\u0119 kablow\u0105 itp.) zawarta z Pani\u0105\/Panem zawieraj\u0105ca adres wskazany we wniosku,<\/span><\/span><\/li>\n<li><span style=\"font-family: Times New Roman, serif;\"><span style=\"font-size: medium;\">potwierdzenie op\u0142aty za gospodarowanie odpadami komunalnymi pod adresem nieruchomo\u015bci wskazanej we wniosku,<\/span><\/span><\/li>\n<li><span style=\"font-family: Times New Roman, serif;\"><span style=\"font-size: medium;\">umowa lub rachunek na us\u0142ug\u0119 nie zwi\u0105zan\u0105 bezpo\u015brednio z domem\/lokalem np. abonament na telefon kom\u00f3rkowy, zawieraj\u0105cy Pani\/Pana dane zawieraj\u0105ca adres wskazany we wniosku,<\/span><\/span><\/li>\n<li><span style=\"font-family: Times New Roman, serif;\"><span style=\"font-size: medium;\">tytu\u0142 prawny do lokalu, w kt\u00f3rym Pani\/Pan stale zamieszkuje (np., odpis z ksi\u0119gi wieczystej, nr ksi\u0119gi wieczystej, umowa cywilno-prawna)<\/span><\/span><\/li>\n<li><span style=\"font-family: Times New Roman, serif;\"><span style=\"font-size: medium;\">o\u015bwiadczenie w\u0142a\u015bciciela lub najemcy domu\/mieszkania, w kt\u00f3rym Pani\/Pan zamieszkuje, potwierdzaj\u0105ce sta\u0142y pobyt w lokalu oraz tytu\u0142 prawny do lokalu tego w\u0142a\u015bciciela (najemcy),<\/span><\/span><\/li>\n<li><span style=\"font-family: Times New Roman, serif;\"><span style=\"font-size: medium;\">o\u015bwiadczenie so\u0142tysa wsi, bezpo\u015brednich s\u0105siad\u00f3w nieruchomo\u015bci, w kt\u00f3rej Pan\/Pani zamieszkuje, potwierdzaj\u0105ce sta\u0142y pobyt.<\/span><\/span><\/li>\n<\/ul>\n<p><span style=\"font-family: Times New Roman, serif;\"><span style=\"font-size: large;\"><b><\/b><\/span><\/span><\/p>\n<p><span style=\"font-family: Times New Roman, serif;\"><span style=\"font-size: large;\"><b>Op\u0142aty<\/b><\/span><\/span><\/p>\n<p><span style=\"font-family: Times New Roman, serif;\"><span style=\"font-size: medium;\">Uj\u0119cie w sta\u0142ym obwodzie g\u0142osowania jest bezp\u0142atne.<\/span><\/span><\/p>\n<p><span style=\"font-family: Times New Roman, serif;\"><span style=\"font-size: large;\"><b><\/b><\/span><\/span><\/p>\n<p><span style=\"font-family: Times New Roman, serif;\"><span style=\"font-size: large;\"><b>Termin i spos\u00f3b za\u0142atwienia<\/b><\/span><\/span><\/p>\n<p align=\"justify\"><span style=\"font-family: Times New Roman, serif;\"><span style=\"font-size: medium;\">Po z\u0142o\u017ceniu wniosku, b\u0119dziemy ustala\u0107, czy faktycznie mieszkasz na sta\u0142e pod okre\u015blonym we wniosku adresem (na podstawie za\u0142\u0105czonych dokument\u00f3w, wywiadu itpdowiskowego). Nast\u0119pnie w ci\u0105gu 5 dni od z\u0142o\u017cenia wniosku dostaniesz od nas decyzj\u0119 administracyjn\u0105. Mo\u017cesz j\u0105 odebra\u0107 osobi\u015bcie lub prze\u015blemy Ci j\u0105 poczt\u0105 na adres wskazany we wniosku.<\/span><\/span><\/p>\n<p align=\"justify\"><span style=\"font-family: Times New Roman, serif;\"><span style=\"font-size: medium;\"><b><\/b><\/span><\/span><\/p>\n<p align=\"justify\"><span style=\"font-family: Times New Roman, serif;\"><span style=\"font-size: medium;\"><b>Decyzja o uj\u0119ciu w Centralnym Rejestrze Wyborc\u00f3w, w sta\u0142ym obwodzie g\u0142osowania w\u0142a\u015bciwym dla adresu sta\u0142ego zamieszkania, skutkuje prawem do udzia\u0142u w wyborach powszechnych i referendach w miejscu sta\u0142ego zamieszkania wyborcy. Nie ma konieczno\u015bci ponawiania wniosku w przysz\u0142o\u015bci.\u00a0<\/b><\/span><\/span><\/p>\n<p align=\"justify\"><span style=\"font-family: Times New Roman, serif;\"><span style=\"font-size: x-large;\"><b><\/b><\/span><\/span><\/p>\n<p align=\"justify\"><span style=\"font-family: Times New Roman, serif;\"><span style=\"font-size: x-large;\"><b>Centralny Rejestr Wyborc\u00f3w <\/b><\/span><\/span><span style=\"color: #339966;\"><u><a href=\"https:\/\/www.gov.pl\/web\/cyfryzacja\/centralny-rejestr-wyborcow2\" style=\"color: #339966;\"><span style=\"font-family: Times New Roman, serif;\"><span style=\"font-size: medium;\"><b>https:\/\/www.gov.pl\/web\/cyfryzacja\/centralny-rejestr-wyborcow2<\/b><\/span><\/span><\/a><\/u><\/span><span style=\"font-family: Times New Roman, serif;\"><span style=\"font-size: medium;\"><b> <\/b><\/span><\/span><\/p>\n<p>[\/et_pb_text][\/et_pb_column][\/et_pb_row][\/et_pb_section]<\/p>\n","protected":false},"excerpt":{"rendered":"<p>Centralny Rejestr Wyborc\u00f3wCentralny Rejestr Wyborc\u00f3w (CRW) to rejestr w systemie teleinformatycznym, kt\u00f3ry zosta\u0142\u00a0utworzony na podstawie Kodeksu wyborczego.W rejestrze s\u0105 dane o wszystkich wyborcach \u2013\u00a0zar\u00f3wno o\u00a0obywatelach polskich, jak i cudzoziemcach\u00a0uprawnionych do g\u0142osowania w Polsce. Rejestr s\u0142u\u017cy do: przygotowania wybor\u00f3w i referend\u00f3w, ustalania liczby wyborc\u00f3w, sporz\u0105dzania spis\u00f3w wyborc\u00f3w. Jeste\u015b obywatelem: Polski,\u00a0 Unii Europejskiej, kt\u00f3ry nie jest obywatelem Polski,\u00a0 Zjednoczonego Kr\u00f3lestwa Wielkiej Brytanii i Irlandii P\u00f3\u0142nocnej, sprawd\u017a dodatkowe informacje: w jakich wyborach mo\u017cesz wzi\u0105\u0107 udzia\u0142, z jakich us\u0142ug\u00a0wyborczych mo\u017cesz skorzysta\u0107 w poszczeg\u00f3lnych wyborach. &nbsp; https:\/\/www.gov.pl\/web\/gov\/sprawdz-kto-moze-wziac-udzial-w-wyborach https:\/\/www.gov.pl\/web\/gov\/sprawdz-z-jakiej-uslugi-wyborczej-mozesz-skorzystac &nbsp; Zmie\u0144 sta\u0142y obw\u00f3d g\u0142osowania lub dopisz si\u0119 do CRW Je\u017celi: mieszkasz na sta\u0142e w innej gminie, ni\u017c masz meldunek i chcesz w niej g\u0142osowa\u0107 w ka\u017cdych wyborach, z\u0142\u00f3\u017c wniosek o zmian\u0119 sta\u0142ego obwodu g\u0142osowania. B\u0119dziesz g\u0142osowa\u0107 w gminie, w kt\u00f3rej mieszkasz,\u00a0a nie w gminie, w kt\u00f3rej masz zameldowanie na pobyt sta\u0142y. Kto mo\u017ce z\u0142o\u017cy\u0107 Ka\u017cdy, kto spe\u0142nia wszystkie poni\u017csze warunki: ma polskie obywatelstwo, stale mieszka na terenie gminy bez zameldowania na pobyt sta\u0142y, mo\u017ce g\u0142osowa\u0107, czyli: w dniu wybor\u00f3w ma uko\u0144czone 18 lat, ma prawo wybierania (czynne prawo wyborcze). Co trzeba przygotowa\u0107 \uf0b7 dokument to\u017csamo\u015bci \u2013 na przyk\u0142ad dow\u00f3d osobisty lub paszport, \uf0b7 wniosek o dopisanie do sta\u0142ego obwodu g\u0142osowania, w\u0142a\u015bciwego dla adresu sta\u0142ego zamieszkania (do [&hellip;]<\/p>\n","protected":false},"author":1,"featured_media":0,"parent":2638,"menu_order":0,"comment_status":"closed","ping_status":"closed","template":"","meta":{"_et_pb_use_builder":"on","_et_pb_old_content":"","_et_gb_content_width":"","footnotes":""},"class_list":["post-2644","page","type-page","status-publish","hentry"],"_links":{"self":[{"href":"https:\/\/charsznica.pl\/index.php?rest_route=\/wp\/v2\/pages\/2644","targetHints":{"allow":["GET"]}}],"collection":[{"href":"https:\/\/charsznica.pl\/index.php?rest_route=\/wp\/v2\/pages"}],"about":[{"href":"https:\/\/charsznica.pl\/index.php?rest_route=\/wp\/v2\/types\/page"}],"author":[{"embeddable":true,"href":"https:\/\/charsznica.pl\/index.php?rest_route=\/wp\/v2\/users\/1"}],"replies":[{"embeddable":true,"href":"https:\/\/charsznica.pl\/index.php?rest_route=%2Fwp%2Fv2%2Fcomments&post=2644"}],"version-history":[{"count":7,"href":"https:\/\/charsznica.pl\/index.php?rest_route=\/wp\/v2\/pages\/2644\/revisions"}],"predecessor-version":[{"id":3146,"href":"https:\/\/charsznica.pl\/index.php?rest_route=\/wp\/v2\/pages\/2644\/revisions\/3146"}],"up":[{"embeddable":true,"href":"https:\/\/charsznica.pl\/index.php?rest_route=\/wp\/v2\/pages\/2638"}],"wp:attachment":[{"href":"https:\/\/charsznica.pl\/index.php?rest_route=%2Fwp%2Fv2%2Fmedia&parent=2644"}],"curies":[{"name":"wp","href":"https:\/\/api.w.org\/{rel}","templated":true}]}}