{"id":2640,"date":"2025-02-24T13:20:11","date_gmt":"2025-02-24T12:20:11","guid":{"rendered":"http:\/\/charsznica.adler.org.pl\/?page_id=2640"},"modified":"2025-02-28T12:08:37","modified_gmt":"2025-02-28T11:08:37","slug":"urzad-stanu-cywilnego","status":"publish","type":"page","link":"https:\/\/charsznica.pl\/?page_id=2640","title":{"rendered":"Urz\u0105d Stanu Cywilnego"},"content":{"rendered":"<p>[et_pb_section fb_built=&#8221;1&#8243; _builder_version=&#8221;4.27.4&#8243; _module_preset=&#8221;default&#8221; global_colors_info=&#8221;{}&#8221;][et_pb_row _builder_version=&#8221;4.27.4&#8243; _module_preset=&#8221;default&#8221; global_colors_info=&#8221;{}&#8221;][et_pb_column type=&#8221;4_4&#8243; _builder_version=&#8221;4.27.4&#8243; _module_preset=&#8221;default&#8221; global_colors_info=&#8221;{}&#8221;][et_pb_text _builder_version=&#8221;4.27.4&#8243; _module_preset=&#8221;default&#8221; text_font=&#8221;Michroma||||||||&#8221; global_colors_info=&#8221;{}&#8221;]<\/p>\n<h3><span class=\"dsm_breadcrumbs_crumb dsm_breadcrumbs_crumb_current\">Urz\u0105d Stanu Cywilnego <\/span><\/h3>\n<p>[\/et_pb_text][\/et_pb_column][\/et_pb_row][et_pb_row _builder_version=&#8221;4.27.4&#8243; _module_preset=&#8221;default&#8221; hover_enabled=&#8221;0&#8243; global_colors_info=&#8221;{}&#8221; sticky_enabled=&#8221;0&#8243;][et_pb_column type=&#8221;4_4&#8243; _builder_version=&#8221;4.27.4&#8243; _module_preset=&#8221;default&#8221; global_colors_info=&#8221;{}&#8221;][et_pb_text _builder_version=&#8221;4.27.4&#8243; _module_preset=&#8221;default&#8221; text_font=&#8221;Michroma||||||||&#8221; hover_enabled=&#8221;0&#8243; global_colors_info=&#8221;{}&#8221; sticky_enabled=&#8221;0&#8243;]<\/p>\n<h5>Do pobrania<\/h5>\n<ul>\n<li><span style=\"color: #339966;\"><a href=\"https:\/\/charsznica.pl\/wp-content\/uploads\/2025\/02\/Wniosek-o-sprostowanie-aktu.pdf\" rel=\"attachment wp-att-3048\" style=\"color: #339966;\">Wniosek o sprostowanie aktu<\/a> <\/span><\/li>\n<li><span style=\"color: #339966;\"><a href=\"https:\/\/charsznica.pl\/wp-content\/uploads\/2025\/02\/Wniosek-o-uzupelnienie-aktu.pdf\" rel=\"attachment wp-att-3049\" style=\"color: #339966;\">Wniosek o uzupe\u0142nienie aktu<\/a> <\/span><\/li>\n<li><span style=\"color: #339966;\"><a href=\"https:\/\/charsznica.pl\/wp-content\/uploads\/2025\/02\/Wniosek-o-wydanie-aktu.pdf\" rel=\"attachment wp-att-3050\" style=\"color: #339966;\">Wniosek o wydanie aktu<\/a> <\/span><\/li>\n<li><span style=\"color: #339966;\"><a href=\"https:\/\/charsznica.pl\/wp-content\/uploads\/2025\/02\/Wniosek-w-prawie-transkrypcji-zagranicznego-dokumentu-stanu-cywilnego-potwierdzajacego-urodzenie.pdf\" rel=\"attachment wp-att-3051\" style=\"color: #339966;\">Wniosek w prawie transkrypcji zagranicznego dokumentu stanu cywilnego potwierdzaj\u0105cego urodzenie<\/a> <\/span><\/li>\n<li><span style=\"color: #339966;\"><a href=\"https:\/\/charsznica.pl\/wp-content\/uploads\/2025\/02\/Wniosek-w-prawie-transkrypcji-zagranicznego-dokumentu-stanu-cywilnego-potwierdzajacego-zawarcie-zwiazku-malzenskiego.pdf\" rel=\"attachment wp-att-3052\" style=\"color: #339966;\">Wniosek w prawie transkrypcji zagranicznego dokumentu stanu cywilnego potwierdzaj\u0105cego zawarcie zwi\u0105zku ma\u0142\u017ce\u0144skiego<\/a> <\/span><\/li>\n<li><span style=\"color: #339966;\"><a href=\"https:\/\/charsznica.pl\/wp-content\/uploads\/2025\/02\/Wniosek-w-prawie-transkrypcji-zagranicznego-dokumentu-stanu-cywilnego-potwierdzajacego-zgon.pdf\" rel=\"attachment wp-att-3053\" style=\"color: #339966;\">Wniosek w prawie transkrypcji zagranicznego dokumentu stanu cywilnego potwierdzaj\u0105cego zgon<\/a> <\/span><\/li>\n<li><span style=\"color: #339966;\"><a href=\"https:\/\/charsznica.pl\/wp-content\/uploads\/2025\/02\/Wzor-wniosku-o-wydanie-zaswidczenia-o-stanie-cywilnym.pdf\" rel=\"attachment wp-att-3054\" style=\"color: #339966;\">Wz\u00f3r-wniosku-o-wydanie-zaswidczenia-o-stanie-cywilnym<\/a> <\/span><\/li>\n<li><span style=\"color: #339966;\"><a href=\"https:\/\/charsznica.pl\/wp-content\/uploads\/2025\/02\/OPLATY-SKARBOWE.pdf\" rel=\"attachment wp-att-3055\" style=\"color: #339966;\">OP\u0141ATY SKARBOWE<\/a> <\/span><\/li>\n<li><span style=\"color: #339966;\"><a href=\"https:\/\/charsznica.pl\/wp-content\/uploads\/2025\/02\/Pelnomocnictwo.pdf\" rel=\"attachment wp-att-3056\" style=\"color: #339966;\">Pe\u0142nomocnictwo<\/a><\/span><\/li>\n<\/ul>\n<p>[\/et_pb_text][\/et_pb_column][\/et_pb_row][\/et_pb_section]<\/p>\n","protected":false},"excerpt":{"rendered":"<p>Urz\u0105d Stanu Cywilnego Do pobrania Wniosek o sprostowanie aktu Wniosek o uzupe\u0142nienie aktu Wniosek o wydanie aktu Wniosek w prawie transkrypcji zagranicznego dokumentu stanu cywilnego potwierdzaj\u0105cego urodzenie Wniosek w prawie transkrypcji zagranicznego dokumentu stanu cywilnego potwierdzaj\u0105cego zawarcie zwi\u0105zku ma\u0142\u017ce\u0144skiego Wniosek w prawie transkrypcji zagranicznego dokumentu stanu cywilnego potwierdzaj\u0105cego zgon Wz\u00f3r-wniosku-o-wydanie-zaswidczenia-o-stanie-cywilnym OP\u0141ATY SKARBOWE Pe\u0142nomocnictwo<\/p>\n","protected":false},"author":1,"featured_media":0,"parent":2638,"menu_order":0,"comment_status":"closed","ping_status":"closed","template":"","meta":{"_et_pb_use_builder":"on","_et_pb_old_content":"","_et_gb_content_width":"","footnotes":""},"class_list":["post-2640","page","type-page","status-publish","hentry"],"_links":{"self":[{"href":"https:\/\/charsznica.pl\/index.php?rest_route=\/wp\/v2\/pages\/2640","targetHints":{"allow":["GET"]}}],"collection":[{"href":"https:\/\/charsznica.pl\/index.php?rest_route=\/wp\/v2\/pages"}],"about":[{"href":"https:\/\/charsznica.pl\/index.php?rest_route=\/wp\/v2\/types\/page"}],"author":[{"embeddable":true,"href":"https:\/\/charsznica.pl\/index.php?rest_route=\/wp\/v2\/users\/1"}],"replies":[{"embeddable":true,"href":"https:\/\/charsznica.pl\/index.php?rest_route=%2Fwp%2Fv2%2Fcomments&post=2640"}],"version-history":[{"count":5,"href":"https:\/\/charsznica.pl\/index.php?rest_route=\/wp\/v2\/pages\/2640\/revisions"}],"predecessor-version":[{"id":3145,"href":"https:\/\/charsznica.pl\/index.php?rest_route=\/wp\/v2\/pages\/2640\/revisions\/3145"}],"up":[{"embeddable":true,"href":"https:\/\/charsznica.pl\/index.php?rest_route=\/wp\/v2\/pages\/2638"}],"wp:attachment":[{"href":"https:\/\/charsznica.pl\/index.php?rest_route=%2Fwp%2Fv2%2Fmedia&parent=2640"}],"curies":[{"name":"wp","href":"https:\/\/api.w.org\/{rel}","templated":true}]}}